{"id":2568,"date":"2024-12-16T10:34:28","date_gmt":"2024-12-16T13:34:28","guid":{"rendered":"https:\/\/www.servisteelltda.cl\/?post_type=product&#038;p=2568"},"modified":"2024-12-16T10:34:28","modified_gmt":"2024-12-16T13:34:28","slug":"anticorrosivo-wurt","status":"publish","type":"product","link":"https:\/\/www.servisteelltda.cl\/?product=anticorrosivo-wurt","title":{"rendered":"Anticorrosivo Wurt"},"content":{"rendered":"<p>Caracter\u00edsticas:<\/p>\n<p>Desoxida, lubrica y protege piezas que han sufrido los efectos de la corrosi\u00f3n.<br \/>\nExcelente adherencia a las superficies donde es aplicado, lo que le permite desplazarse entre las piezas por efecto capilar.<br \/>\nContiene un 98% de agentes activos.<br \/>\nDesplaza la humedad y posee inhibidores de la corrosi\u00f3n.<br \/>\nNo contiene siliconas, resinas o cualquier tipo de \u00e1cido.<br \/>\nV\u00e1lvula especial que permite su aplicaci\u00f3n en distintas posiciones.<br \/>\nAdem\u00e1s incluye c\u00e1nula para alcanzar lugares de dif\u00edcil acceso.<\/p>\n<p>-Color: Marr\u00f3n<br \/>\n-Base qu\u00edmica: Aceite mineral \/ OMC 2<br \/>\n-Densidad\/condici\u00f3n: 0,7780 gr \/ ml<br \/>\n-Temperatura aplicaci\u00f3n: -10\u00b0C +140\u00b0C<br \/>\n-Punto de inflamaci\u00f3n: +200\u00b0C<\/p>\n<p>Aplicaciones:<br \/>\n*Especialmente recomendado para ayudar a destrabar piezas que han sufrido corrosi\u00f3n como pernos, tuercas, tornillos, pasadores, bisagras, correderas, chapas, candados y piezas met\u00e1licas en general.<\/p>\n<p>*Puede ser utilizado en la limpieza BICICLETAS, lubricaci\u00f3n y protecci\u00f3n de todo tipo de herramientas, maquinarias o superficies met\u00e1licas formando una fina capa protectora.<\/p>\n<p>Modo de uso:<br \/>\n1.Agitar el envase antes de usar.<br \/>\n2.Aplicar directamente sobre la superficie a una distancia aproximada de 20 cm., dejando actuar por unos minutos<\/p>\n","protected":false},"excerpt":{"rendered":"<p>Caracter\u00edsticas:<\/p>\n<p>Desoxida, lubrica y protege piezas que han sufrido los efectos de la corrosi\u00f3n.<br \/>\nExcelente adherencia a las superficies donde es aplicado, lo que le permite desplazarse entre las piezas por efecto capilar.<br \/>\nContiene un 98% de agentes activos.<br \/>\nDesplaza la humedad y posee inhibidores de la corrosi\u00f3n.<br \/>\nNo contiene siliconas, resinas o cualquier tipo de \u00e1cido.<br \/>\nV\u00e1lvula especial que permite su aplicaci\u00f3n en distintas posiciones.<br \/>\nAdem\u00e1s incluye c\u00e1nula para alcanzar lugares de dif\u00edcil acceso.<\/p>\n<p>-Color: Marr\u00f3n<br \/>\n-Base qu\u00edmica: Aceite mineral \/ OMC 2<br \/>\n-Densidad\/condici\u00f3n: 0,7780 gr \/ ml<br \/>\n-Temperatura aplicaci\u00f3n: -10\u00b0C +140\u00b0C<br \/>\n-Punto de inflamaci\u00f3n: +200\u00b0C<\/p>\n<p>Aplicaciones:<br \/>\n*Especialmente recomendado para ayudar a destrabar piezas que han sufrido corrosi\u00f3n como pernos, tuercas, tornillos, pasadores, bisagras, correderas, chapas, candados y piezas met\u00e1licas en general.<\/p>\n<p>*Puede ser utilizado en la limpieza BICICLETAS, lubricaci\u00f3n y protecci\u00f3n de todo tipo de herramientas, maquinarias o superficies met\u00e1licas formando una fina capa protectora.<\/p>\n<p>Modo de uso:<br \/>\n1.Agitar el envase antes de usar.<br \/>\n2.Aplicar directamente sobre la superficie a una distancia aproximada de 20 cm., dejando actuar por unos minutos<\/p>\n","protected":false},"featured_media":2569,"comment_status":"open","ping_status":"closed","template":"","meta":{"site-sidebar-layout":"default","site-content-layout":"","ast-site-content-layout":"default","site-content-style":"default","site-sidebar-style":"default","ast-global-header-display":"","ast-banner-title-visibility":"","ast-main-header-display":"","ast-hfb-above-header-display":"","ast-hfb-below-header-display":"","ast-hfb-mobile-header-display":"","site-post-title":"","ast-breadcrumbs-content":"","ast-featured-img":"","footer-sml-layout":"","theme-transparent-header-meta":"default","adv-header-id-meta":"","stick-header-meta":"","header-above-stick-meta":"","header-main-stick-meta":"","header-below-stick-meta":"","astra-migrate-meta-layouts":"set","ast-page-background-enabled":"default","ast-page-background-meta":{"desktop":{"background-color":"var(--ast-global-color-4)","background-image":"","background-repeat":"repeat","background-position":"center center","background-size":"auto","background-attachment":"scroll","background-type":"","background-media":"","overlay-type":"","overlay-color":"","overlay-opacity":"","overlay-gradient":""},"tablet":{"background-color":"","background-image":"","background-repeat":"repeat","background-position":"center center","background-size":"auto","background-attachment":"scroll","background-type":"","background-media":"","overlay-type":"","overlay-color":"","overlay-opacity":"","overlay-gradient":""},"mobile":{"background-color":"","background-image":"","background-repeat":"repeat","background-position":"center center","background-size":"auto","background-attachment":"scroll","background-type":"","background-media":"","overlay-type":"","overlay-color":"","overlay-opacity":"","overlay-gradient":""}},"ast-content-background-meta":{"desktop":{"background-color":"var(--ast-global-color-5)","background-image":"","background-repeat":"repeat","background-position":"center center","background-size":"auto","background-attachment":"scroll","background-type":"","background-media":"","overlay-type":"","overlay-color":"","overlay-opacity":"","overlay-gradient":""},"tablet":{"background-color":"var(--ast-global-color-5)","background-image":"","background-repeat":"repeat","background-position":"center center","background-size":"auto","background-attachment":"scroll","background-type":"","background-media":"","overlay-type":"","overlay-color":"","overlay-opacity":"","overlay-gradient":""},"mobile":{"background-color":"var(--ast-global-color-5)","background-image":"","background-repeat":"repeat","background-position":"center center","background-size":"auto","background-attachment":"scroll","background-type":"","background-media":"","overlay-type":"","overlay-color":"","overlay-opacity":"","overlay-gradient":""}},"advanced_seo_description":"","jetpack_seo_html_title":"","jetpack_seo_noindex":false,"jetpack_publicize_message":"","jetpack_publicize_feature_enabled":true,"jetpack_social_post_already_shared":true,"jetpack_social_options":{"image_generator_settings":{"template":"highway","enabled":false},"version":2}},"product_cat":[295,339],"product_tag":[],"class_list":{"0":"post-2568","1":"product","2":"type-product","3":"status-publish","4":"has-post-thumbnail","6":"product_cat-anticorrosivo","7":"product_cat-pinturas-2","8":"desktop-align-left","9":"tablet-align-left","10":"mobile-align-left","12":"first","13":"instock","14":"taxable","15":"shipping-taxable","16":"purchasable","17":"product-type-simple"},"jetpack_publicize_connections":[],"jetpack_sharing_enabled":true,"jetpack_likes_enabled":true,"_links":{"self":[{"href":"https:\/\/www.servisteelltda.cl\/index.php?rest_route=\/wp\/v2\/product\/2568","targetHints":{"allow":["GET"]}}],"collection":[{"href":"https:\/\/www.servisteelltda.cl\/index.php?rest_route=\/wp\/v2\/product"}],"about":[{"href":"https:\/\/www.servisteelltda.cl\/index.php?rest_route=\/wp\/v2\/types\/product"}],"replies":[{"embeddable":true,"href":"https:\/\/www.servisteelltda.cl\/index.php?rest_route=%2Fwp%2Fv2%2Fcomments&post=2568"}],"version-history":[{"count":1,"href":"https:\/\/www.servisteelltda.cl\/index.php?rest_route=\/wp\/v2\/product\/2568\/revisions"}],"predecessor-version":[{"id":2570,"href":"https:\/\/www.servisteelltda.cl\/index.php?rest_route=\/wp\/v2\/product\/2568\/revisions\/2570"}],"wp:featuredmedia":[{"embeddable":true,"href":"https:\/\/www.servisteelltda.cl\/index.php?rest_route=\/wp\/v2\/media\/2569"}],"wp:attachment":[{"href":"https:\/\/www.servisteelltda.cl\/index.php?rest_route=%2Fwp%2Fv2%2Fmedia&parent=2568"}],"wp:term":[{"taxonomy":"product_cat","embeddable":true,"href":"https:\/\/www.servisteelltda.cl\/index.php?rest_route=%2Fwp%2Fv2%2Fproduct_cat&post=2568"},{"taxonomy":"product_tag","embeddable":true,"href":"https:\/\/www.servisteelltda.cl\/index.php?rest_route=%2Fwp%2Fv2%2Fproduct_tag&post=2568"}],"curies":[{"name":"wp","href":"https:\/\/api.w.org\/{rel}","templated":true}]}}