{"id":2400,"date":"2024-12-15T18:27:43","date_gmt":"2024-12-15T21:27:43","guid":{"rendered":"https:\/\/www.servisteelltda.cl\/?post_type=product&#038;p=2400"},"modified":"2024-12-15T18:29:16","modified_gmt":"2024-12-15T21:29:16","slug":"motosierra-18-pulgadas-52cc-paso-0325-toyaki-tk-ms18","status":"publish","type":"product","link":"https:\/\/www.servisteelltda.cl\/?product=motosierra-18-pulgadas-52cc-paso-0325-toyaki-tk-ms18","title":{"rendered":"Motosierra 18 Pulgadas 52cc Paso 0,325, Toyaki TK-MS18"},"content":{"rendered":"<p>La motosierra de gasolina, se desarroll\u00f3 para un uso frecuente. Est\u00e1 equipado con un motor de 52cc y una espada de 18?. Ideal para atender a propietarios de terrenos y parcelas que buscan la calidad de los equipos, con bajo costo de adquisici\u00f3n. La m\u00e1quina es ligera y f\u00e1cil de manejar, su excelente sistema anti-vibraci\u00f3n, mejora la calidad y el rendimiento de corte. Adecuado para actividades como corte de le\u00f1a para calefacci\u00f3n y tala de \u00e1rboles. Caracter\u00edsticas: Potencia Motor: 2,2 HP\/7500 RPM, Tipo de Motor: Mezcla\/ 2 tiempos, Cilindrada: 52cc, Paso: 0,325&#8243;, Capacidad estanque bencina: 550ml (93 octano), Capacidad estanque aceite: 260ml, peso: 7,5kg.<\/p>\n","protected":false},"excerpt":{"rendered":"<p>La motosierra de gasolina, se desarroll\u00f3 para un uso frecuente. Est\u00e1 equipado con un motor de 52cc y una espada de 18?. Ideal para atender a propietarios de terrenos y parcelas que buscan la calidad de los equipos, con bajo costo de adquisici\u00f3n. La m\u00e1quina es ligera y f\u00e1cil de manejar, su excelente sistema anti-vibraci\u00f3n, mejora la calidad y el rendimiento de corte. Adecuado para actividades como corte de le\u00f1a para calefacci\u00f3n y tala de \u00e1rboles. Caracter\u00edsticas: Potencia Motor: 2,2 HP\/7500 RPM, Tipo de Motor: Mezcla\/ 2 tiempos, Cilindrada: 52cc, Paso: 0,325&#8243;, Capacidad estanque bencina: 550ml (93 octano), Capacidad estanque aceite: 260ml, peso: 7,5kg.<\/p>\n","protected":false},"featured_media":2403,"comment_status":"open","ping_status":"closed","template":"","meta":{"site-sidebar-layout":"default","site-content-layout":"","ast-site-content-layout":"default","site-content-style":"default","site-sidebar-style":"default","ast-global-header-display":"","ast-banner-title-visibility":"","ast-main-header-display":"","ast-hfb-above-header-display":"","ast-hfb-below-header-display":"","ast-hfb-mobile-header-display":"","site-post-title":"","ast-breadcrumbs-content":"","ast-featured-img":"","footer-sml-layout":"","theme-transparent-header-meta":"default","adv-header-id-meta":"","stick-header-meta":"","header-above-stick-meta":"","header-main-stick-meta":"","header-below-stick-meta":"","astra-migrate-meta-layouts":"set","ast-page-background-enabled":"default","ast-page-background-meta":{"desktop":{"background-color":"var(--ast-global-color-4)","background-image":"","background-repeat":"repeat","background-position":"center center","background-size":"auto","background-attachment":"scroll","background-type":"","background-media":"","overlay-type":"","overlay-color":"","overlay-opacity":"","overlay-gradient":""},"tablet":{"background-color":"","background-image":"","background-repeat":"repeat","background-position":"center center","background-size":"auto","background-attachment":"scroll","background-type":"","background-media":"","overlay-type":"","overlay-color":"","overlay-opacity":"","overlay-gradient":""},"mobile":{"background-color":"","background-image":"","background-repeat":"repeat","background-position":"center center","background-size":"auto","background-attachment":"scroll","background-type":"","background-media":"","overlay-type":"","overlay-color":"","overlay-opacity":"","overlay-gradient":""}},"ast-content-background-meta":{"desktop":{"background-color":"var(--ast-global-color-5)","background-image":"","background-repeat":"repeat","background-position":"center center","background-size":"auto","background-attachment":"scroll","background-type":"","background-media":"","overlay-type":"","overlay-color":"","overlay-opacity":"","overlay-gradient":""},"tablet":{"background-color":"var(--ast-global-color-5)","background-image":"","background-repeat":"repeat","background-position":"center center","background-size":"auto","background-attachment":"scroll","background-type":"","background-media":"","overlay-type":"","overlay-color":"","overlay-opacity":"","overlay-gradient":""},"mobile":{"background-color":"var(--ast-global-color-5)","background-image":"","background-repeat":"repeat","background-position":"center center","background-size":"auto","background-attachment":"scroll","background-type":"","background-media":"","overlay-type":"","overlay-color":"","overlay-opacity":"","overlay-gradient":""}},"advanced_seo_description":"","jetpack_seo_html_title":"","jetpack_seo_noindex":false,"jetpack_publicize_message":"","jetpack_publicize_feature_enabled":true,"jetpack_social_post_already_shared":true,"jetpack_social_options":{"image_generator_settings":{"template":"highway","enabled":false},"version":2}},"product_cat":[287,376],"product_tag":[],"class_list":{"0":"post-2400","1":"product","2":"type-product","3":"status-publish","4":"has-post-thumbnail","6":"product_cat-herramientas","7":"product_cat-motosierra","8":"desktop-align-left","9":"tablet-align-left","10":"mobile-align-left","12":"first","13":"instock","14":"taxable","15":"shipping-taxable","16":"purchasable","17":"product-type-simple"},"jetpack_publicize_connections":[],"jetpack_sharing_enabled":true,"jetpack_likes_enabled":true,"_links":{"self":[{"href":"https:\/\/www.servisteelltda.cl\/index.php?rest_route=\/wp\/v2\/product\/2400","targetHints":{"allow":["GET"]}}],"collection":[{"href":"https:\/\/www.servisteelltda.cl\/index.php?rest_route=\/wp\/v2\/product"}],"about":[{"href":"https:\/\/www.servisteelltda.cl\/index.php?rest_route=\/wp\/v2\/types\/product"}],"replies":[{"embeddable":true,"href":"https:\/\/www.servisteelltda.cl\/index.php?rest_route=%2Fwp%2Fv2%2Fcomments&post=2400"}],"version-history":[{"count":1,"href":"https:\/\/www.servisteelltda.cl\/index.php?rest_route=\/wp\/v2\/product\/2400\/revisions"}],"predecessor-version":[{"id":2402,"href":"https:\/\/www.servisteelltda.cl\/index.php?rest_route=\/wp\/v2\/product\/2400\/revisions\/2402"}],"wp:featuredmedia":[{"embeddable":true,"href":"https:\/\/www.servisteelltda.cl\/index.php?rest_route=\/wp\/v2\/media\/2403"}],"wp:attachment":[{"href":"https:\/\/www.servisteelltda.cl\/index.php?rest_route=%2Fwp%2Fv2%2Fmedia&parent=2400"}],"wp:term":[{"taxonomy":"product_cat","embeddable":true,"href":"https:\/\/www.servisteelltda.cl\/index.php?rest_route=%2Fwp%2Fv2%2Fproduct_cat&post=2400"},{"taxonomy":"product_tag","embeddable":true,"href":"https:\/\/www.servisteelltda.cl\/index.php?rest_route=%2Fwp%2Fv2%2Fproduct_tag&post=2400"}],"curies":[{"name":"wp","href":"https:\/\/api.w.org\/{rel}","templated":true}]}}