{"id":2249,"date":"2024-12-14T13:16:55","date_gmt":"2024-12-14T16:16:55","guid":{"rendered":"https:\/\/www.servisteelltda.cl\/?post_type=product&#038;p=2249"},"modified":"2024-12-14T13:16:55","modified_gmt":"2024-12-14T16:16:55","slug":"set-de-destornillador-trinquete-de-la-total","status":"publish","type":"product","link":"https:\/\/www.servisteelltda.cl\/?product=set-de-destornillador-trinquete-de-la-total","title":{"rendered":"Set de Destornillador Trinquete de la Total"},"content":{"rendered":"<div>\n<h1 class=\"ui-pdp-title\">Kit Set Destornillador Ratchet 26 Piezas Total Tacsd30266<\/h1>\n<\/div>\n<div><\/div>\n<p>Portapuntas magn\u00e9tico acoplable. Posee mango bimateria para una m\u00e1xima torsi\u00f3n con m\u00ednimo esfuerzo, mecanismo de crique, sujetador magn\u00e9tico de puntas, para un cambio r\u00e1pido y seguro de las puntas y recubierto para brindar resistencia a la corrosi\u00f3n.<br \/>\nEs una marca de renombre mundial, que proporciona a los profesionales, industriales, empresarios y familias, una amplia gama de soluciones con todo tipo de herramientas el\u00e9ctricas, manuales, de medici\u00f3n y equipos de seguridad. La marca TOTAL posee m\u00e1s de 10 a\u00f1os de historia. Antes de empezar con su propia marca, la f\u00e1brica manufacturaba herramientas para otras marcas Europeas, de calidad<br \/>\nMarca: TOTAL TOOLS<br \/>\nC\u00f3digo: TACSD30266<\/p>\n<p>Caracter\u00edsticas:<\/p>\n<p>&#8211; 24 Puntas (doble punta) intercambiables: SL4, SL5, SL6, PH0, PH1, PH2, PZ1, PZ2, T10, T15, T20,<br \/>\nT30, H3, H4, H5, H6, S1, S2.<br \/>\n&#8211; 1 Mango de destornillador.<br \/>\n&#8211; 1 Estuche.<br \/>\n&#8211; Imantado.<br \/>\n&#8211; Material Acero al cromo-vanadio (Cr-V).<br \/>\n&#8211; L\u00ednea Industrial.<\/p>\n","protected":false},"excerpt":{"rendered":"<div>\n<h1 class=\"ui-pdp-title\">Kit Set Destornillador Ratchet 26 Piezas Total Tacsd30266<\/h1>\n<\/div>\n<div><\/div>\n<p>Portapuntas magn\u00e9tico acoplable. Posee mango bimateria para una m\u00e1xima torsi\u00f3n con m\u00ednimo esfuerzo, mecanismo de crique, sujetador magn\u00e9tico de puntas, para un cambio r\u00e1pido y seguro de las puntas y recubierto para brindar resistencia a la corrosi\u00f3n.<br \/>\nEs una marca de renombre mundial, que proporciona a los profesionales, industriales, empresarios y familias, una amplia gama de soluciones con todo tipo de herramientas el\u00e9ctricas, manuales, de medici\u00f3n y equipos de seguridad. La marca TOTAL posee m\u00e1s de 10 a\u00f1os de historia. Antes de empezar con su propia marca, la f\u00e1brica manufacturaba herramientas para otras marcas Europeas, de calidad<br \/>\nMarca: TOTAL TOOLS<br \/>\nC\u00f3digo: TACSD30266<\/p>\n<p>Caracter\u00edsticas:<\/p>\n<p>&#8211; 24 Puntas (doble punta) intercambiables: SL4, SL5, SL6, PH0, PH1, PH2, PZ1, PZ2, T10, T15, T20,<br \/>\nT30, H3, H4, H5, H6, S1, S2.<br \/>\n&#8211; 1 Mango de destornillador.<br \/>\n&#8211; 1 Estuche.<br \/>\n&#8211; Imantado.<br \/>\n&#8211; Material Acero al cromo-vanadio (Cr-V).<br \/>\n&#8211; L\u00ednea Industrial.<\/p>\n","protected":false},"featured_media":2250,"comment_status":"open","ping_status":"closed","template":"","meta":{"site-sidebar-layout":"default","site-content-layout":"","ast-site-content-layout":"default","site-content-style":"default","site-sidebar-style":"default","ast-global-header-display":"","ast-banner-title-visibility":"","ast-main-header-display":"","ast-hfb-above-header-display":"","ast-hfb-below-header-display":"","ast-hfb-mobile-header-display":"","site-post-title":"","ast-breadcrumbs-content":"","ast-featured-img":"","footer-sml-layout":"","theme-transparent-header-meta":"default","adv-header-id-meta":"","stick-header-meta":"","header-above-stick-meta":"","header-main-stick-meta":"","header-below-stick-meta":"","astra-migrate-meta-layouts":"set","ast-page-background-enabled":"default","ast-page-background-meta":{"desktop":{"background-color":"var(--ast-global-color-4)","background-image":"","background-repeat":"repeat","background-position":"center center","background-size":"auto","background-attachment":"scroll","background-type":"","background-media":"","overlay-type":"","overlay-color":"","overlay-opacity":"","overlay-gradient":""},"tablet":{"background-color":"","background-image":"","background-repeat":"repeat","background-position":"center center","background-size":"auto","background-attachment":"scroll","background-type":"","background-media":"","overlay-type":"","overlay-color":"","overlay-opacity":"","overlay-gradient":""},"mobile":{"background-color":"","background-image":"","background-repeat":"repeat","background-position":"center center","background-size":"auto","background-attachment":"scroll","background-type":"","background-media":"","overlay-type":"","overlay-color":"","overlay-opacity":"","overlay-gradient":""}},"ast-content-background-meta":{"desktop":{"background-color":"var(--ast-global-color-5)","background-image":"","background-repeat":"repeat","background-position":"center center","background-size":"auto","background-attachment":"scroll","background-type":"","background-media":"","overlay-type":"","overlay-color":"","overlay-opacity":"","overlay-gradient":""},"tablet":{"background-color":"var(--ast-global-color-5)","background-image":"","background-repeat":"repeat","background-position":"center center","background-size":"auto","background-attachment":"scroll","background-type":"","background-media":"","overlay-type":"","overlay-color":"","overlay-opacity":"","overlay-gradient":""},"mobile":{"background-color":"var(--ast-global-color-5)","background-image":"","background-repeat":"repeat","background-position":"center center","background-size":"auto","background-attachment":"scroll","background-type":"","background-media":"","overlay-type":"","overlay-color":"","overlay-opacity":"","overlay-gradient":""}},"advanced_seo_description":"","jetpack_seo_html_title":"","jetpack_seo_noindex":false,"jetpack_publicize_message":"","jetpack_publicize_feature_enabled":true,"jetpack_social_post_already_shared":true,"jetpack_social_options":{"image_generator_settings":{"template":"highway","enabled":false},"version":2}},"product_cat":[342,287],"product_tag":[],"class_list":{"0":"post-2249","1":"product","2":"type-product","3":"status-publish","4":"has-post-thumbnail","6":"product_cat-atornilladores","7":"product_cat-herramientas","8":"desktop-align-left","9":"tablet-align-left","10":"mobile-align-left","12":"first","13":"instock","14":"taxable","15":"shipping-taxable","16":"purchasable","17":"product-type-simple"},"jetpack_publicize_connections":[],"jetpack_sharing_enabled":true,"jetpack_likes_enabled":true,"_links":{"self":[{"href":"https:\/\/www.servisteelltda.cl\/index.php?rest_route=\/wp\/v2\/product\/2249","targetHints":{"allow":["GET"]}}],"collection":[{"href":"https:\/\/www.servisteelltda.cl\/index.php?rest_route=\/wp\/v2\/product"}],"about":[{"href":"https:\/\/www.servisteelltda.cl\/index.php?rest_route=\/wp\/v2\/types\/product"}],"replies":[{"embeddable":true,"href":"https:\/\/www.servisteelltda.cl\/index.php?rest_route=%2Fwp%2Fv2%2Fcomments&post=2249"}],"version-history":[{"count":1,"href":"https:\/\/www.servisteelltda.cl\/index.php?rest_route=\/wp\/v2\/product\/2249\/revisions"}],"predecessor-version":[{"id":2251,"href":"https:\/\/www.servisteelltda.cl\/index.php?rest_route=\/wp\/v2\/product\/2249\/revisions\/2251"}],"wp:featuredmedia":[{"embeddable":true,"href":"https:\/\/www.servisteelltda.cl\/index.php?rest_route=\/wp\/v2\/media\/2250"}],"wp:attachment":[{"href":"https:\/\/www.servisteelltda.cl\/index.php?rest_route=%2Fwp%2Fv2%2Fmedia&parent=2249"}],"wp:term":[{"taxonomy":"product_cat","embeddable":true,"href":"https:\/\/www.servisteelltda.cl\/index.php?rest_route=%2Fwp%2Fv2%2Fproduct_cat&post=2249"},{"taxonomy":"product_tag","embeddable":true,"href":"https:\/\/www.servisteelltda.cl\/index.php?rest_route=%2Fwp%2Fv2%2Fproduct_tag&post=2249"}],"curies":[{"name":"wp","href":"https:\/\/api.w.org\/{rel}","templated":true}]}}