{"id":2199,"date":"2024-12-13T10:02:03","date_gmt":"2024-12-13T13:02:03","guid":{"rendered":"https:\/\/www.servisteelltda.cl\/?post_type=product&#038;p=2199"},"modified":"2024-12-13T10:05:13","modified_gmt":"2024-12-13T13:05:13","slug":"hoja-de-sierra","status":"publish","type":"product","link":"https:\/\/www.servisteelltda.cl\/?product=hoja-de-sierra","title":{"rendered":"Hoja de sierra"},"content":{"rendered":"<h4>DESCRIPCION<\/h4>\n<p>&nbsp;<\/p>\n<p>La\u00a0<strong>Hoja sierra <\/strong>\u00a0es la herramienta que necesitabas para realizar tus trabajos de cortes en superficies duras y blandas en su variedad de materiales o para el mantenimiento de tu jard\u00edn. Su uso\u00a0<strong>profesional<\/strong>\u00a0facilita la labor y otorga mayor vida \u00fatil de corte a tus\u00a0<strong>herramientas y maquinarias<\/strong>. Adem\u00e1s es de muy f\u00e1cil ajuste y se adapta a todo tipo de \u00e1ngulos.<\/p>\n<p>Entre las caracter\u00edsticas de la\u00a0<strong>Hoja sierra<\/strong>\u00a0se puede mencionar su versatilidad para trabajar c\u00f3modamente en cualquier tipo de superficies que desees cortar y su medida se adapta a toda clase de herramientas. Es la elecci\u00f3n correcta para complementar tu maquinaria porque sus potentes dientes permiten que la tarea de cortar PVC, madera, cobre, metal, entre otros, sea m\u00e1s efectiva, r\u00e1pida y sencilla.<\/p>\n<p>Uno de los beneficios de la hoja para sierra es que optimizar\u00e1 el tiempo de corte ya que su fabricaci\u00f3n es en acero r\u00e1pido, lo que garantiza mayor calidad y har\u00e1 que su filo sea m\u00e1s duradero. Con este accesorio te convertir\u00e1s en un verdadero\u00a0<strong>profesional<\/strong>\u00a0logrando un excelente costo-beneficio en aplicaciones de corte y gracias a su hoja dentada evitar\u00e1s que se atasque en las superficies, brindando consistencia y mejor deslizamiento, de modo que agilizar\u00e1 tu trabajo.<\/p>\n","protected":false},"excerpt":{"rendered":"<h4>DESCRIPCION<\/h4>\n<p>&nbsp;<\/p>\n<p>La\u00a0<strong>Hoja sierra <\/strong>\u00a0es la herramienta que necesitabas para realizar tus trabajos de cortes en superficies duras y blandas en su variedad de materiales o para el mantenimiento de tu jard\u00edn. Su uso\u00a0<strong>profesional<\/strong>\u00a0facilita la labor y otorga mayor vida \u00fatil de corte a tus\u00a0<strong>herramientas y maquinarias<\/strong>. Adem\u00e1s es de muy f\u00e1cil ajuste y se adapta a todo tipo de \u00e1ngulos.<\/p>\n<p>Entre las caracter\u00edsticas de la\u00a0<strong>Hoja sierra<\/strong>\u00a0se puede mencionar su versatilidad para trabajar c\u00f3modamente en cualquier tipo de superficies que desees cortar y su medida se adapta a toda clase de herramientas. Es la elecci\u00f3n correcta para complementar tu maquinaria porque sus potentes dientes permiten que la tarea de cortar PVC, madera, cobre, metal, entre otros, sea m\u00e1s efectiva, r\u00e1pida y sencilla.<\/p>\n<p>Uno de los beneficios de la hoja para sierra es que optimizar\u00e1 el tiempo de corte ya que su fabricaci\u00f3n es en acero r\u00e1pido, lo que garantiza mayor calidad y har\u00e1 que su filo sea m\u00e1s duradero. Con este accesorio te convertir\u00e1s en un verdadero\u00a0<strong>profesional<\/strong>\u00a0logrando un excelente costo-beneficio en aplicaciones de corte y gracias a su hoja dentada evitar\u00e1s que se atasque en las superficies, brindando consistencia y mejor deslizamiento, de modo que agilizar\u00e1 tu trabajo.<\/p>\n","protected":false},"featured_media":2200,"comment_status":"open","ping_status":"closed","template":"","meta":{"site-sidebar-layout":"default","site-content-layout":"","ast-site-content-layout":"default","site-content-style":"default","site-sidebar-style":"default","ast-global-header-display":"","ast-banner-title-visibility":"","ast-main-header-display":"","ast-hfb-above-header-display":"","ast-hfb-below-header-display":"","ast-hfb-mobile-header-display":"","site-post-title":"","ast-breadcrumbs-content":"","ast-featured-img":"","footer-sml-layout":"","theme-transparent-header-meta":"default","adv-header-id-meta":"","stick-header-meta":"","header-above-stick-meta":"","header-main-stick-meta":"","header-below-stick-meta":"","astra-migrate-meta-layouts":"set","ast-page-background-enabled":"default","ast-page-background-meta":{"desktop":{"background-color":"var(--ast-global-color-4)","background-image":"","background-repeat":"repeat","background-position":"center center","background-size":"auto","background-attachment":"scroll","background-type":"","background-media":"","overlay-type":"","overlay-color":"","overlay-opacity":"","overlay-gradient":""},"tablet":{"background-color":"","background-image":"","background-repeat":"repeat","background-position":"center center","background-size":"auto","background-attachment":"scroll","background-type":"","background-media":"","overlay-type":"","overlay-color":"","overlay-opacity":"","overlay-gradient":""},"mobile":{"background-color":"","background-image":"","background-repeat":"repeat","background-position":"center center","background-size":"auto","background-attachment":"scroll","background-type":"","background-media":"","overlay-type":"","overlay-color":"","overlay-opacity":"","overlay-gradient":""}},"ast-content-background-meta":{"desktop":{"background-color":"var(--ast-global-color-5)","background-image":"","background-repeat":"repeat","background-position":"center center","background-size":"auto","background-attachment":"scroll","background-type":"","background-media":"","overlay-type":"","overlay-color":"","overlay-opacity":"","overlay-gradient":""},"tablet":{"background-color":"var(--ast-global-color-5)","background-image":"","background-repeat":"repeat","background-position":"center center","background-size":"auto","background-attachment":"scroll","background-type":"","background-media":"","overlay-type":"","overlay-color":"","overlay-opacity":"","overlay-gradient":""},"mobile":{"background-color":"var(--ast-global-color-5)","background-image":"","background-repeat":"repeat","background-position":"center center","background-size":"auto","background-attachment":"scroll","background-type":"","background-media":"","overlay-type":"","overlay-color":"","overlay-opacity":"","overlay-gradient":""}},"advanced_seo_description":"","jetpack_seo_html_title":"","jetpack_seo_noindex":false,"jetpack_publicize_message":"","jetpack_publicize_feature_enabled":true,"jetpack_social_post_already_shared":true,"jetpack_social_options":{"image_generator_settings":{"template":"highway","enabled":false},"version":2}},"product_cat":[287,323],"product_tag":[],"class_list":{"0":"post-2199","1":"product","2":"type-product","3":"status-publish","4":"has-post-thumbnail","6":"product_cat-herramientas","7":"product_cat-hoja-de-sierra","8":"desktop-align-left","9":"tablet-align-left","10":"mobile-align-left","12":"first","13":"instock","14":"taxable","15":"shipping-taxable","16":"purchasable","17":"product-type-variable"},"jetpack_publicize_connections":[],"jetpack_sharing_enabled":true,"jetpack_likes_enabled":true,"_links":{"self":[{"href":"https:\/\/www.servisteelltda.cl\/index.php?rest_route=\/wp\/v2\/product\/2199","targetHints":{"allow":["GET"]}}],"collection":[{"href":"https:\/\/www.servisteelltda.cl\/index.php?rest_route=\/wp\/v2\/product"}],"about":[{"href":"https:\/\/www.servisteelltda.cl\/index.php?rest_route=\/wp\/v2\/types\/product"}],"replies":[{"embeddable":true,"href":"https:\/\/www.servisteelltda.cl\/index.php?rest_route=%2Fwp%2Fv2%2Fcomments&post=2199"}],"version-history":[{"count":1,"href":"https:\/\/www.servisteelltda.cl\/index.php?rest_route=\/wp\/v2\/product\/2199\/revisions"}],"predecessor-version":[{"id":2201,"href":"https:\/\/www.servisteelltda.cl\/index.php?rest_route=\/wp\/v2\/product\/2199\/revisions\/2201"}],"wp:featuredmedia":[{"embeddable":true,"href":"https:\/\/www.servisteelltda.cl\/index.php?rest_route=\/wp\/v2\/media\/2200"}],"wp:attachment":[{"href":"https:\/\/www.servisteelltda.cl\/index.php?rest_route=%2Fwp%2Fv2%2Fmedia&parent=2199"}],"wp:term":[{"taxonomy":"product_cat","embeddable":true,"href":"https:\/\/www.servisteelltda.cl\/index.php?rest_route=%2Fwp%2Fv2%2Fproduct_cat&post=2199"},{"taxonomy":"product_tag","embeddable":true,"href":"https:\/\/www.servisteelltda.cl\/index.php?rest_route=%2Fwp%2Fv2%2Fproduct_tag&post=2199"}],"curies":[{"name":"wp","href":"https:\/\/api.w.org\/{rel}","templated":true}]}}