{"id":2179,"date":"2024-12-13T02:00:40","date_gmt":"2024-12-13T05:00:40","guid":{"rendered":"https:\/\/www.servisteelltda.cl\/?post_type=product&#038;p=2179"},"modified":"2024-12-13T02:04:07","modified_gmt":"2024-12-13T05:04:07","slug":"escaleras-de-aluminio","status":"publish","type":"product","link":"https:\/\/www.servisteelltda.cl\/?product=escaleras-de-aluminio","title":{"rendered":"Escaleras de Aluminio"},"content":{"rendered":"<h3>Detalles<\/h3>\n<p>Las escaleras \u00a0son una opci\u00f3n segura y vers\u00e1til para una amplia gama de tareas, como trabajo, pintura, reparaciones y limpieza.Con una carga m\u00e1xima de hasta 150 kg, estas escaleras est\u00e1n fabricadas en aluminio de alta calidad, lo que las hace ligeras y f\u00e1ciles de transportar. Sus pelda\u00f1os antideslizantes garantizan la m\u00e1xima seguridad, incluso en superficies mojadas. Adem\u00e1s, su dise\u00f1o plegable facilita su almacenamiento.<\/p>\n<h3>Caracter\u00edsticas principales:<\/h3>\n<p>Fabricada en aluminio de alta calidad Ligereza y facilidad de transporteM\u00e1xima seguridad gracias a sus pelda\u00f1os antideslizantesPlegable para un f\u00e1cil almacenamiento los \u00faltimos pelda\u00f1os de esta escalera.Puede perder el equilibrio.No leer y seguir las instrucciones de esta escalera correctamente puede ocasionar lesiones<\/p>\n","protected":false},"excerpt":{"rendered":"<h3>Detalles<\/h3>\n<p>Las escaleras \u00a0son una opci\u00f3n segura y vers\u00e1til para una amplia gama de tareas, como trabajo, pintura, reparaciones y limpieza.Con una carga m\u00e1xima de hasta 150 kg, estas escaleras est\u00e1n fabricadas en aluminio de alta calidad, lo que las hace ligeras y f\u00e1ciles de transportar. Sus pelda\u00f1os antideslizantes garantizan la m\u00e1xima seguridad, incluso en superficies mojadas. Adem\u00e1s, su dise\u00f1o plegable facilita su almacenamiento.<\/p>\n<h3>Caracter\u00edsticas principales:<\/h3>\n<p>Fabricada en aluminio de alta calidad Ligereza y facilidad de transporteM\u00e1xima seguridad gracias a sus pelda\u00f1os antideslizantesPlegable para un f\u00e1cil almacenamiento los \u00faltimos pelda\u00f1os de esta escalera.Puede perder el equilibrio.No leer y seguir las instrucciones de esta escalera correctamente puede ocasionar lesiones<\/p>\n","protected":false},"featured_media":2181,"comment_status":"open","ping_status":"closed","template":"","meta":{"site-sidebar-layout":"default","site-content-layout":"","ast-site-content-layout":"default","site-content-style":"default","site-sidebar-style":"default","ast-global-header-display":"","ast-banner-title-visibility":"","ast-main-header-display":"","ast-hfb-above-header-display":"","ast-hfb-below-header-display":"","ast-hfb-mobile-header-display":"","site-post-title":"","ast-breadcrumbs-content":"","ast-featured-img":"","footer-sml-layout":"","theme-transparent-header-meta":"default","adv-header-id-meta":"","stick-header-meta":"","header-above-stick-meta":"","header-main-stick-meta":"","header-below-stick-meta":"","astra-migrate-meta-layouts":"set","ast-page-background-enabled":"default","ast-page-background-meta":{"desktop":{"background-color":"var(--ast-global-color-4)","background-image":"","background-repeat":"repeat","background-position":"center center","background-size":"auto","background-attachment":"scroll","background-type":"","background-media":"","overlay-type":"","overlay-color":"","overlay-opacity":"","overlay-gradient":""},"tablet":{"background-color":"","background-image":"","background-repeat":"repeat","background-position":"center center","background-size":"auto","background-attachment":"scroll","background-type":"","background-media":"","overlay-type":"","overlay-color":"","overlay-opacity":"","overlay-gradient":""},"mobile":{"background-color":"","background-image":"","background-repeat":"repeat","background-position":"center center","background-size":"auto","background-attachment":"scroll","background-type":"","background-media":"","overlay-type":"","overlay-color":"","overlay-opacity":"","overlay-gradient":""}},"ast-content-background-meta":{"desktop":{"background-color":"var(--ast-global-color-5)","background-image":"","background-repeat":"repeat","background-position":"center center","background-size":"auto","background-attachment":"scroll","background-type":"","background-media":"","overlay-type":"","overlay-color":"","overlay-opacity":"","overlay-gradient":""},"tablet":{"background-color":"var(--ast-global-color-5)","background-image":"","background-repeat":"repeat","background-position":"center center","background-size":"auto","background-attachment":"scroll","background-type":"","background-media":"","overlay-type":"","overlay-color":"","overlay-opacity":"","overlay-gradient":""},"mobile":{"background-color":"var(--ast-global-color-5)","background-image":"","background-repeat":"repeat","background-position":"center center","background-size":"auto","background-attachment":"scroll","background-type":"","background-media":"","overlay-type":"","overlay-color":"","overlay-opacity":"","overlay-gradient":""}},"advanced_seo_description":"","jetpack_seo_html_title":"","jetpack_seo_noindex":false,"jetpack_publicize_message":"","jetpack_publicize_feature_enabled":true,"jetpack_social_post_already_shared":true,"jetpack_social_options":{"image_generator_settings":{"template":"highway","enabled":false},"version":2}},"product_cat":[319,287],"product_tag":[],"class_list":{"0":"post-2179","1":"product","2":"type-product","3":"status-publish","4":"has-post-thumbnail","6":"product_cat-escaleras","7":"product_cat-herramientas","8":"desktop-align-left","9":"tablet-align-left","10":"mobile-align-left","12":"first","13":"instock","14":"taxable","15":"shipping-taxable","16":"purchasable","17":"product-type-variable"},"jetpack_publicize_connections":[],"jetpack_sharing_enabled":true,"jetpack_likes_enabled":true,"_links":{"self":[{"href":"https:\/\/www.servisteelltda.cl\/index.php?rest_route=\/wp\/v2\/product\/2179","targetHints":{"allow":["GET"]}}],"collection":[{"href":"https:\/\/www.servisteelltda.cl\/index.php?rest_route=\/wp\/v2\/product"}],"about":[{"href":"https:\/\/www.servisteelltda.cl\/index.php?rest_route=\/wp\/v2\/types\/product"}],"replies":[{"embeddable":true,"href":"https:\/\/www.servisteelltda.cl\/index.php?rest_route=%2Fwp%2Fv2%2Fcomments&post=2179"}],"version-history":[{"count":2,"href":"https:\/\/www.servisteelltda.cl\/index.php?rest_route=\/wp\/v2\/product\/2179\/revisions"}],"predecessor-version":[{"id":2182,"href":"https:\/\/www.servisteelltda.cl\/index.php?rest_route=\/wp\/v2\/product\/2179\/revisions\/2182"}],"wp:featuredmedia":[{"embeddable":true,"href":"https:\/\/www.servisteelltda.cl\/index.php?rest_route=\/wp\/v2\/media\/2181"}],"wp:attachment":[{"href":"https:\/\/www.servisteelltda.cl\/index.php?rest_route=%2Fwp%2Fv2%2Fmedia&parent=2179"}],"wp:term":[{"taxonomy":"product_cat","embeddable":true,"href":"https:\/\/www.servisteelltda.cl\/index.php?rest_route=%2Fwp%2Fv2%2Fproduct_cat&post=2179"},{"taxonomy":"product_tag","embeddable":true,"href":"https:\/\/www.servisteelltda.cl\/index.php?rest_route=%2Fwp%2Fv2%2Fproduct_tag&post=2179"}],"curies":[{"name":"wp","href":"https:\/\/api.w.org\/{rel}","templated":true}]}}