{"id":2160,"date":"2024-12-13T01:35:55","date_gmt":"2024-12-13T04:35:55","guid":{"rendered":"https:\/\/www.servisteelltda.cl\/?post_type=product&#038;p=2160"},"modified":"2024-12-13T01:39:33","modified_gmt":"2024-12-13T04:39:33","slug":"llaves-allen","status":"publish","type":"product","link":"https:\/\/www.servisteelltda.cl\/?product=llaves-allen","title":{"rendered":"Llaves Allen"},"content":{"rendered":"<p>Es una <strong>herramienta met\u00e1lica en forma de llave y que normalmente est\u00e1 dise\u00f1ada en forma de L<\/strong>. Sirve de herramienta con la que podemos atornillar tuercas o tornillos que suelen tener ya las terminaciones con encaje total para este tipo de llave. En los tornillos se introduce la llave Allen, en la cabeza del mismo, y no la abraza, como en otro tipo de tornillos. Se introduce completamente en la tuerca o tornillo. \u00bfQue es la llave Allen? La llave Allen tiene un\u00a0<strong>sistema con el que se reduce el peso por pieza y se consigue que haya un mejor control y apretado<\/strong>. Adem\u00e1s la llave Allen se utiliza para evitar lo que pod\u00eda pasar con otros tipos de llaves, en los que se pod\u00eda acabar con el atornillado redondeando las cabezas de los tornillos.<\/p>\n","protected":false},"excerpt":{"rendered":"<p>Es una <strong>herramienta met\u00e1lica en forma de llave y que normalmente est\u00e1 dise\u00f1ada en forma de L<\/strong>. Sirve de herramienta con la que podemos atornillar tuercas o tornillos que suelen tener ya las terminaciones con encaje total para este tipo de llave. En los tornillos se introduce la llave Allen, en la cabeza del mismo, y no la abraza, como en otro tipo de tornillos. Se introduce completamente en la tuerca o tornillo. \u00bfQue es la llave Allen? La llave Allen tiene un\u00a0<strong>sistema con el que se reduce el peso por pieza y se consigue que haya un mejor control y apretado<\/strong>. Adem\u00e1s la llave Allen se utiliza para evitar lo que pod\u00eda pasar con otros tipos de llaves, en los que se pod\u00eda acabar con el atornillado redondeando las cabezas de los tornillos.<\/p>\n","protected":false},"featured_media":2161,"comment_status":"open","ping_status":"closed","template":"","meta":{"site-sidebar-layout":"default","site-content-layout":"","ast-site-content-layout":"default","site-content-style":"default","site-sidebar-style":"default","ast-global-header-display":"","ast-banner-title-visibility":"","ast-main-header-display":"","ast-hfb-above-header-display":"","ast-hfb-below-header-display":"","ast-hfb-mobile-header-display":"","site-post-title":"","ast-breadcrumbs-content":"","ast-featured-img":"","footer-sml-layout":"","theme-transparent-header-meta":"default","adv-header-id-meta":"","stick-header-meta":"","header-above-stick-meta":"","header-main-stick-meta":"","header-below-stick-meta":"","astra-migrate-meta-layouts":"set","ast-page-background-enabled":"default","ast-page-background-meta":{"desktop":{"background-color":"var(--ast-global-color-4)","background-image":"","background-repeat":"repeat","background-position":"center center","background-size":"auto","background-attachment":"scroll","background-type":"","background-media":"","overlay-type":"","overlay-color":"","overlay-opacity":"","overlay-gradient":""},"tablet":{"background-color":"","background-image":"","background-repeat":"repeat","background-position":"center center","background-size":"auto","background-attachment":"scroll","background-type":"","background-media":"","overlay-type":"","overlay-color":"","overlay-opacity":"","overlay-gradient":""},"mobile":{"background-color":"","background-image":"","background-repeat":"repeat","background-position":"center center","background-size":"auto","background-attachment":"scroll","background-type":"","background-media":"","overlay-type":"","overlay-color":"","overlay-opacity":"","overlay-gradient":""}},"ast-content-background-meta":{"desktop":{"background-color":"var(--ast-global-color-5)","background-image":"","background-repeat":"repeat","background-position":"center center","background-size":"auto","background-attachment":"scroll","background-type":"","background-media":"","overlay-type":"","overlay-color":"","overlay-opacity":"","overlay-gradient":""},"tablet":{"background-color":"var(--ast-global-color-5)","background-image":"","background-repeat":"repeat","background-position":"center center","background-size":"auto","background-attachment":"scroll","background-type":"","background-media":"","overlay-type":"","overlay-color":"","overlay-opacity":"","overlay-gradient":""},"mobile":{"background-color":"var(--ast-global-color-5)","background-image":"","background-repeat":"repeat","background-position":"center center","background-size":"auto","background-attachment":"scroll","background-type":"","background-media":"","overlay-type":"","overlay-color":"","overlay-opacity":"","overlay-gradient":""}},"advanced_seo_description":"","jetpack_seo_html_title":"","jetpack_seo_noindex":false,"jetpack_publicize_message":"","jetpack_publicize_feature_enabled":true,"jetpack_social_post_already_shared":true,"jetpack_social_options":{"image_generator_settings":{"template":"highway","enabled":false},"version":2}},"product_cat":[287,366],"product_tag":[],"class_list":{"0":"post-2160","1":"product","2":"type-product","3":"status-publish","4":"has-post-thumbnail","6":"product_cat-herramientas","7":"product_cat-llave-allen","8":"desktop-align-left","9":"tablet-align-left","10":"mobile-align-left","12":"first","13":"instock","14":"taxable","15":"shipping-taxable","16":"purchasable","17":"product-type-variable"},"jetpack_publicize_connections":[],"jetpack_sharing_enabled":true,"jetpack_likes_enabled":true,"_links":{"self":[{"href":"https:\/\/www.servisteelltda.cl\/index.php?rest_route=\/wp\/v2\/product\/2160","targetHints":{"allow":["GET"]}}],"collection":[{"href":"https:\/\/www.servisteelltda.cl\/index.php?rest_route=\/wp\/v2\/product"}],"about":[{"href":"https:\/\/www.servisteelltda.cl\/index.php?rest_route=\/wp\/v2\/types\/product"}],"replies":[{"embeddable":true,"href":"https:\/\/www.servisteelltda.cl\/index.php?rest_route=%2Fwp%2Fv2%2Fcomments&post=2160"}],"version-history":[{"count":1,"href":"https:\/\/www.servisteelltda.cl\/index.php?rest_route=\/wp\/v2\/product\/2160\/revisions"}],"predecessor-version":[{"id":2162,"href":"https:\/\/www.servisteelltda.cl\/index.php?rest_route=\/wp\/v2\/product\/2160\/revisions\/2162"}],"wp:featuredmedia":[{"embeddable":true,"href":"https:\/\/www.servisteelltda.cl\/index.php?rest_route=\/wp\/v2\/media\/2161"}],"wp:attachment":[{"href":"https:\/\/www.servisteelltda.cl\/index.php?rest_route=%2Fwp%2Fv2%2Fmedia&parent=2160"}],"wp:term":[{"taxonomy":"product_cat","embeddable":true,"href":"https:\/\/www.servisteelltda.cl\/index.php?rest_route=%2Fwp%2Fv2%2Fproduct_cat&post=2160"},{"taxonomy":"product_tag","embeddable":true,"href":"https:\/\/www.servisteelltda.cl\/index.php?rest_route=%2Fwp%2Fv2%2Fproduct_tag&post=2160"}],"curies":[{"name":"wp","href":"https:\/\/api.w.org\/{rel}","templated":true}]}}