{"id":2147,"date":"2024-12-13T01:16:39","date_gmt":"2024-12-13T04:16:39","guid":{"rendered":"https:\/\/www.servisteelltda.cl\/?post_type=product&#038;p=2147"},"modified":"2024-12-13T01:16:39","modified_gmt":"2024-12-13T04:16:39","slug":"sierra-caladora-inalambrica-litio-ion-20v-total","status":"publish","type":"product","link":"https:\/\/www.servisteelltda.cl\/?product=sierra-caladora-inalambrica-litio-ion-20v-total","title":{"rendered":"Sierra Caladora In\u00e1lambrica Litio-Ion 20V TOTAL"},"content":{"rendered":"<p><span>Sierra caladora in\u00e1lambrica Litio-ion 20V TOTAL TJSLI8501. Recomendada para cortar materiales delgados, como metal, madera o aluminio, seg\u00fan la hoja que se emplee. Esta sierra caladora incluye: 1 set 5pzas de hojas sierra caladora. Empaque caja de color.<\/span><\/p>\n<h4><\/h4>\n<h4><span>DESCRIPCI\u00d3N<\/span><\/h4>\n<ul>\n<li><span>Voltaje: 20V.<\/span><\/li>\n<li><span>Velocidad sin carga: 2400rpm.<\/span><\/li>\n<li><span>Capacidad de corte en madera: 80mm.<\/span><\/li>\n<li><span>Capacidad de corte en metal: 8mm.<\/span><\/li>\n<li><span>NO incluye: Bater\u00eda ni cargador.\u00a0<\/span><\/li>\n<li><span>Calidad: Industrial.<\/span><\/li>\n<li><span>Garant\u00eda: 1 a\u00f1o.<\/span><\/li>\n<\/ul>\n","protected":false},"excerpt":{"rendered":"<p><span>Sierra caladora in\u00e1lambrica Litio-ion 20V TOTAL TJSLI8501. Recomendada para cortar materiales delgados, como metal, madera o aluminio, seg\u00fan la hoja que se emplee. Esta sierra caladora incluye: 1 set 5pzas de hojas sierra caladora. Empaque caja de color.<\/span><\/p>\n<h4><\/h4>\n<h4><span>DESCRIPCI\u00d3N<\/span><\/h4>\n<ul>\n<li><span>Voltaje: 20V.<\/span><\/li>\n<li><span>Velocidad sin carga: 2400rpm.<\/span><\/li>\n<li><span>Capacidad de corte en madera: 80mm.<\/span><\/li>\n<li><span>Capacidad de corte en metal: 8mm.<\/span><\/li>\n<li><span>NO incluye: Bater\u00eda ni cargador.\u00a0<\/span><\/li>\n<li><span>Calidad: Industrial.<\/span><\/li>\n<li><span>Garant\u00eda: 1 a\u00f1o.<\/span><\/li>\n<\/ul>\n","protected":false},"featured_media":2148,"comment_status":"open","ping_status":"closed","template":"","meta":{"site-sidebar-layout":"default","site-content-layout":"","ast-site-content-layout":"default","site-content-style":"default","site-sidebar-style":"default","ast-global-header-display":"","ast-banner-title-visibility":"","ast-main-header-display":"","ast-hfb-above-header-display":"","ast-hfb-below-header-display":"","ast-hfb-mobile-header-display":"","site-post-title":"","ast-breadcrumbs-content":"","ast-featured-img":"","footer-sml-layout":"","theme-transparent-header-meta":"default","adv-header-id-meta":"","stick-header-meta":"","header-above-stick-meta":"","header-main-stick-meta":"","header-below-stick-meta":"","astra-migrate-meta-layouts":"set","ast-page-background-enabled":"default","ast-page-background-meta":{"desktop":{"background-color":"var(--ast-global-color-4)","background-image":"","background-repeat":"repeat","background-position":"center center","background-size":"auto","background-attachment":"scroll","background-type":"","background-media":"","overlay-type":"","overlay-color":"","overlay-opacity":"","overlay-gradient":""},"tablet":{"background-color":"","background-image":"","background-repeat":"repeat","background-position":"center center","background-size":"auto","background-attachment":"scroll","background-type":"","background-media":"","overlay-type":"","overlay-color":"","overlay-opacity":"","overlay-gradient":""},"mobile":{"background-color":"","background-image":"","background-repeat":"repeat","background-position":"center center","background-size":"auto","background-attachment":"scroll","background-type":"","background-media":"","overlay-type":"","overlay-color":"","overlay-opacity":"","overlay-gradient":""}},"ast-content-background-meta":{"desktop":{"background-color":"var(--ast-global-color-5)","background-image":"","background-repeat":"repeat","background-position":"center center","background-size":"auto","background-attachment":"scroll","background-type":"","background-media":"","overlay-type":"","overlay-color":"","overlay-opacity":"","overlay-gradient":""},"tablet":{"background-color":"var(--ast-global-color-5)","background-image":"","background-repeat":"repeat","background-position":"center center","background-size":"auto","background-attachment":"scroll","background-type":"","background-media":"","overlay-type":"","overlay-color":"","overlay-opacity":"","overlay-gradient":""},"mobile":{"background-color":"var(--ast-global-color-5)","background-image":"","background-repeat":"repeat","background-position":"center center","background-size":"auto","background-attachment":"scroll","background-type":"","background-media":"","overlay-type":"","overlay-color":"","overlay-opacity":"","overlay-gradient":""}},"advanced_seo_description":"","jetpack_seo_html_title":"","jetpack_seo_noindex":false,"jetpack_publicize_message":"","jetpack_publicize_feature_enabled":true,"jetpack_social_post_already_shared":true,"jetpack_social_options":{"image_generator_settings":{"template":"highway","enabled":false},"version":2}},"product_cat":[379,287,364],"product_tag":[],"class_list":{"0":"post-2147","1":"product","2":"type-product","3":"status-publish","4":"has-post-thumbnail","6":"product_cat-electricas","7":"product_cat-herramientas","8":"product_cat-sierra-caladora","9":"desktop-align-left","10":"tablet-align-left","11":"mobile-align-left","13":"first","14":"instock","15":"taxable","16":"shipping-taxable","17":"purchasable","18":"product-type-simple"},"jetpack_publicize_connections":[],"jetpack_sharing_enabled":true,"jetpack_likes_enabled":true,"_links":{"self":[{"href":"https:\/\/www.servisteelltda.cl\/index.php?rest_route=\/wp\/v2\/product\/2147","targetHints":{"allow":["GET"]}}],"collection":[{"href":"https:\/\/www.servisteelltda.cl\/index.php?rest_route=\/wp\/v2\/product"}],"about":[{"href":"https:\/\/www.servisteelltda.cl\/index.php?rest_route=\/wp\/v2\/types\/product"}],"replies":[{"embeddable":true,"href":"https:\/\/www.servisteelltda.cl\/index.php?rest_route=%2Fwp%2Fv2%2Fcomments&post=2147"}],"version-history":[{"count":1,"href":"https:\/\/www.servisteelltda.cl\/index.php?rest_route=\/wp\/v2\/product\/2147\/revisions"}],"predecessor-version":[{"id":2149,"href":"https:\/\/www.servisteelltda.cl\/index.php?rest_route=\/wp\/v2\/product\/2147\/revisions\/2149"}],"wp:featuredmedia":[{"embeddable":true,"href":"https:\/\/www.servisteelltda.cl\/index.php?rest_route=\/wp\/v2\/media\/2148"}],"wp:attachment":[{"href":"https:\/\/www.servisteelltda.cl\/index.php?rest_route=%2Fwp%2Fv2%2Fmedia&parent=2147"}],"wp:term":[{"taxonomy":"product_cat","embeddable":true,"href":"https:\/\/www.servisteelltda.cl\/index.php?rest_route=%2Fwp%2Fv2%2Fproduct_cat&post=2147"},{"taxonomy":"product_tag","embeddable":true,"href":"https:\/\/www.servisteelltda.cl\/index.php?rest_route=%2Fwp%2Fv2%2Fproduct_tag&post=2147"}],"curies":[{"name":"wp","href":"https:\/\/api.w.org\/{rel}","templated":true}]}}