{"id":2115,"date":"2024-12-12T23:48:28","date_gmt":"2024-12-13T02:48:28","guid":{"rendered":"https:\/\/www.servisteelltda.cl\/?post_type=product&#038;p=2115"},"modified":"2024-12-12T23:48:28","modified_gmt":"2024-12-13T02:48:28","slug":"esmeril-angular-4-1-2-industrial-950w-220v-115mm","status":"publish","type":"product","link":"https:\/\/www.servisteelltda.cl\/?product=esmeril-angular-4-1-2-industrial-950w-220v-115mm","title":{"rendered":"Esmeril Angular 4 1\/2 Industrial 950W 220V 115MM"},"content":{"rendered":"<h2>Descripci\u00f3n<\/h2>\n<p>Esmeril angular 950W 4 1\/2\u00bb (115MM). Recomendada para faenas de construcci\u00f3n, especialmente para cortar o desbastar diversos materiales. De dise\u00f1o ergonom\u00e9trico. Este esmeril angular incluye: 1 mango auxiliar. Empaque caja de color.<\/p>\n<p>&nbsp;<\/p>\n<h4><strong>Caracter\u00edsticas del producto:<\/strong><\/h4>\n<ul>\n<li>Voltaje: 220-240V~50\/60Hz.<\/li>\n<li>Potencia: 950W.<\/li>\n<li>Velocidad sin carga: 11000RPM.<\/li>\n<li>Di\u00e1metro disco: 115mm.<\/li>\n<li>Eje: M14.<\/li>\n<li>Calidad: Industrial.<\/li>\n<li>Garant\u00eda: 1 a\u00f1o.<\/li>\n<\/ul>\n","protected":false},"excerpt":{"rendered":"<h2>Descripci\u00f3n<\/h2>\n<p>Esmeril angular 950W 4 1\/2\u00bb (115MM). Recomendada para faenas de construcci\u00f3n, especialmente para cortar o desbastar diversos materiales. De dise\u00f1o ergonom\u00e9trico. Este esmeril angular incluye: 1 mango auxiliar. Empaque caja de color.<\/p>\n<p>&nbsp;<\/p>\n<h4><strong>Caracter\u00edsticas del producto:<\/strong><\/h4>\n<ul>\n<li>Voltaje: 220-240V~50\/60Hz.<\/li>\n<li>Potencia: 950W.<\/li>\n<li>Velocidad sin carga: 11000RPM.<\/li>\n<li>Di\u00e1metro disco: 115mm.<\/li>\n<li>Eje: M14.<\/li>\n<li>Calidad: Industrial.<\/li>\n<li>Garant\u00eda: 1 a\u00f1o.<\/li>\n<\/ul>\n","protected":false},"featured_media":2116,"comment_status":"open","ping_status":"closed","template":"","meta":{"site-sidebar-layout":"default","site-content-layout":"","ast-site-content-layout":"default","site-content-style":"default","site-sidebar-style":"default","ast-global-header-display":"","ast-banner-title-visibility":"","ast-main-header-display":"","ast-hfb-above-header-display":"","ast-hfb-below-header-display":"","ast-hfb-mobile-header-display":"","site-post-title":"","ast-breadcrumbs-content":"","ast-featured-img":"","footer-sml-layout":"","theme-transparent-header-meta":"default","adv-header-id-meta":"","stick-header-meta":"","header-above-stick-meta":"","header-main-stick-meta":"","header-below-stick-meta":"","astra-migrate-meta-layouts":"set","ast-page-background-enabled":"default","ast-page-background-meta":{"desktop":{"background-color":"var(--ast-global-color-4)","background-image":"","background-repeat":"repeat","background-position":"center center","background-size":"auto","background-attachment":"scroll","background-type":"","background-media":"","overlay-type":"","overlay-color":"","overlay-opacity":"","overlay-gradient":""},"tablet":{"background-color":"","background-image":"","background-repeat":"repeat","background-position":"center center","background-size":"auto","background-attachment":"scroll","background-type":"","background-media":"","overlay-type":"","overlay-color":"","overlay-opacity":"","overlay-gradient":""},"mobile":{"background-color":"","background-image":"","background-repeat":"repeat","background-position":"center center","background-size":"auto","background-attachment":"scroll","background-type":"","background-media":"","overlay-type":"","overlay-color":"","overlay-opacity":"","overlay-gradient":""}},"ast-content-background-meta":{"desktop":{"background-color":"var(--ast-global-color-5)","background-image":"","background-repeat":"repeat","background-position":"center center","background-size":"auto","background-attachment":"scroll","background-type":"","background-media":"","overlay-type":"","overlay-color":"","overlay-opacity":"","overlay-gradient":""},"tablet":{"background-color":"var(--ast-global-color-5)","background-image":"","background-repeat":"repeat","background-position":"center center","background-size":"auto","background-attachment":"scroll","background-type":"","background-media":"","overlay-type":"","overlay-color":"","overlay-opacity":"","overlay-gradient":""},"mobile":{"background-color":"var(--ast-global-color-5)","background-image":"","background-repeat":"repeat","background-position":"center center","background-size":"auto","background-attachment":"scroll","background-type":"","background-media":"","overlay-type":"","overlay-color":"","overlay-opacity":"","overlay-gradient":""}},"advanced_seo_description":"","jetpack_seo_html_title":"","jetpack_seo_noindex":false,"jetpack_publicize_message":"","jetpack_publicize_feature_enabled":true,"jetpack_social_post_already_shared":true,"jetpack_social_options":{"image_generator_settings":{"template":"highway","enabled":false},"version":2}},"product_cat":[379,359,287],"product_tag":[],"class_list":{"0":"post-2115","1":"product","2":"type-product","3":"status-publish","4":"has-post-thumbnail","6":"product_cat-electricas","7":"product_cat-esmeril-angular","8":"product_cat-herramientas","9":"desktop-align-left","10":"tablet-align-left","11":"mobile-align-left","13":"first","14":"instock","15":"taxable","16":"shipping-taxable","17":"purchasable","18":"product-type-simple"},"jetpack_publicize_connections":[],"jetpack_sharing_enabled":true,"jetpack_likes_enabled":true,"_links":{"self":[{"href":"https:\/\/www.servisteelltda.cl\/index.php?rest_route=\/wp\/v2\/product\/2115","targetHints":{"allow":["GET"]}}],"collection":[{"href":"https:\/\/www.servisteelltda.cl\/index.php?rest_route=\/wp\/v2\/product"}],"about":[{"href":"https:\/\/www.servisteelltda.cl\/index.php?rest_route=\/wp\/v2\/types\/product"}],"replies":[{"embeddable":true,"href":"https:\/\/www.servisteelltda.cl\/index.php?rest_route=%2Fwp%2Fv2%2Fcomments&post=2115"}],"version-history":[{"count":1,"href":"https:\/\/www.servisteelltda.cl\/index.php?rest_route=\/wp\/v2\/product\/2115\/revisions"}],"predecessor-version":[{"id":2117,"href":"https:\/\/www.servisteelltda.cl\/index.php?rest_route=\/wp\/v2\/product\/2115\/revisions\/2117"}],"wp:featuredmedia":[{"embeddable":true,"href":"https:\/\/www.servisteelltda.cl\/index.php?rest_route=\/wp\/v2\/media\/2116"}],"wp:attachment":[{"href":"https:\/\/www.servisteelltda.cl\/index.php?rest_route=%2Fwp%2Fv2%2Fmedia&parent=2115"}],"wp:term":[{"taxonomy":"product_cat","embeddable":true,"href":"https:\/\/www.servisteelltda.cl\/index.php?rest_route=%2Fwp%2Fv2%2Fproduct_cat&post=2115"},{"taxonomy":"product_tag","embeddable":true,"href":"https:\/\/www.servisteelltda.cl\/index.php?rest_route=%2Fwp%2Fv2%2Fproduct_tag&post=2115"}],"curies":[{"name":"wp","href":"https:\/\/api.w.org\/{rel}","templated":true}]}}