{"id":2097,"date":"2024-12-12T23:16:11","date_gmt":"2024-12-13T02:16:11","guid":{"rendered":"https:\/\/www.servisteelltda.cl\/?post_type=product&#038;p=2097"},"modified":"2024-12-12T23:16:11","modified_gmt":"2024-12-13T02:16:11","slug":"destornillador-electrico-12v","status":"publish","type":"product","link":"https:\/\/www.servisteelltda.cl\/?product=destornillador-electrico-12v","title":{"rendered":"Destornillador Electrico 12V"},"content":{"rendered":"<h2 class=\"ui-pdp-description__title\">Descripci\u00f3n<\/h2>\n<p class=\"ui-pdp-description__content\">Con el taladro el\u00e9ctrico Lernen TIEC podr\u00e1s realizar m\u00faltiples tareas en diversas superficies de un modo pr\u00e1ctico y sencillo. Su potencia de 1500 W te ofrecer\u00e1 gran capacidad de perforaci\u00f3n.<\/p>\n<p>Versatilidad y eficiencia<br \/>\nSu funci\u00f3n destornilladora te posibilitar\u00e1 explotar al m\u00e1ximo tu producto. Podr\u00e1s realizar aplicaciones de diferentes magnitudes con gran exactitud y calidad.<\/p>\n<p>Ligero y f\u00e1cil de manejar<br \/>\nAl no haber cables de por medio, te sentir\u00e1s m\u00e1s c\u00f3modo al manipularlo. Adem\u00e1s, causa menos fatiga tras un uso intensivo. No se presentar\u00e1n problemas como no encontrar un contacto o que el cable sea muy corto para el \u00e1rea donde lo utilizar\u00e1s.<\/p>\n<p>Recomendaciones:<br \/>\n&#8211; Ocupar la carga inicial y luego cargar por completo las bater\u00edas.<br \/>\n&#8211; No dejar al alcance de los ni\u00f1os.<br \/>\n&#8211; No ocupar el taladro en volcanita.<\/p>\n","protected":false},"excerpt":{"rendered":"<h2 class=\"ui-pdp-description__title\">Descripci\u00f3n<\/h2>\n<p class=\"ui-pdp-description__content\">Con el taladro el\u00e9ctrico Lernen TIEC podr\u00e1s realizar m\u00faltiples tareas en diversas superficies de un modo pr\u00e1ctico y sencillo. Su potencia de 1500 W te ofrecer\u00e1 gran capacidad de perforaci\u00f3n.<\/p>\n<p>Versatilidad y eficiencia<br \/>\nSu funci\u00f3n destornilladora te posibilitar\u00e1 explotar al m\u00e1ximo tu producto. Podr\u00e1s realizar aplicaciones de diferentes magnitudes con gran exactitud y calidad.<\/p>\n<p>Ligero y f\u00e1cil de manejar<br \/>\nAl no haber cables de por medio, te sentir\u00e1s m\u00e1s c\u00f3modo al manipularlo. Adem\u00e1s, causa menos fatiga tras un uso intensivo. No se presentar\u00e1n problemas como no encontrar un contacto o que el cable sea muy corto para el \u00e1rea donde lo utilizar\u00e1s.<\/p>\n<p>Recomendaciones:<br \/>\n&#8211; Ocupar la carga inicial y luego cargar por completo las bater\u00edas.<br \/>\n&#8211; No dejar al alcance de los ni\u00f1os.<br \/>\n&#8211; No ocupar el taladro en volcanita.<\/p>\n","protected":false},"featured_media":2098,"comment_status":"open","ping_status":"closed","template":"","meta":{"site-sidebar-layout":"default","site-content-layout":"","ast-site-content-layout":"default","site-content-style":"default","site-sidebar-style":"default","ast-global-header-display":"","ast-banner-title-visibility":"","ast-main-header-display":"","ast-hfb-above-header-display":"","ast-hfb-below-header-display":"","ast-hfb-mobile-header-display":"","site-post-title":"","ast-breadcrumbs-content":"","ast-featured-img":"","footer-sml-layout":"","theme-transparent-header-meta":"default","adv-header-id-meta":"","stick-header-meta":"","header-above-stick-meta":"","header-main-stick-meta":"","header-below-stick-meta":"","astra-migrate-meta-layouts":"set","ast-page-background-enabled":"default","ast-page-background-meta":{"desktop":{"background-color":"var(--ast-global-color-4)","background-image":"","background-repeat":"repeat","background-position":"center center","background-size":"auto","background-attachment":"scroll","background-type":"","background-media":"","overlay-type":"","overlay-color":"","overlay-opacity":"","overlay-gradient":""},"tablet":{"background-color":"","background-image":"","background-repeat":"repeat","background-position":"center center","background-size":"auto","background-attachment":"scroll","background-type":"","background-media":"","overlay-type":"","overlay-color":"","overlay-opacity":"","overlay-gradient":""},"mobile":{"background-color":"","background-image":"","background-repeat":"repeat","background-position":"center center","background-size":"auto","background-attachment":"scroll","background-type":"","background-media":"","overlay-type":"","overlay-color":"","overlay-opacity":"","overlay-gradient":""}},"ast-content-background-meta":{"desktop":{"background-color":"var(--ast-global-color-5)","background-image":"","background-repeat":"repeat","background-position":"center center","background-size":"auto","background-attachment":"scroll","background-type":"","background-media":"","overlay-type":"","overlay-color":"","overlay-opacity":"","overlay-gradient":""},"tablet":{"background-color":"var(--ast-global-color-5)","background-image":"","background-repeat":"repeat","background-position":"center center","background-size":"auto","background-attachment":"scroll","background-type":"","background-media":"","overlay-type":"","overlay-color":"","overlay-opacity":"","overlay-gradient":""},"mobile":{"background-color":"var(--ast-global-color-5)","background-image":"","background-repeat":"repeat","background-position":"center center","background-size":"auto","background-attachment":"scroll","background-type":"","background-media":"","overlay-type":"","overlay-color":"","overlay-opacity":"","overlay-gradient":""}},"advanced_seo_description":"","jetpack_seo_html_title":"","jetpack_seo_noindex":false,"jetpack_publicize_message":"","jetpack_publicize_feature_enabled":true,"jetpack_social_post_already_shared":true,"jetpack_social_options":{"image_generator_settings":{"template":"highway","enabled":false},"version":2}},"product_cat":[356,379,287],"product_tag":[],"class_list":{"0":"post-2097","1":"product","2":"type-product","3":"status-publish","4":"has-post-thumbnail","6":"product_cat-destornillador-inalambrico","7":"product_cat-electricas","8":"product_cat-herramientas","9":"desktop-align-left","10":"tablet-align-left","11":"mobile-align-left","13":"first","14":"instock","15":"taxable","16":"shipping-taxable","17":"purchasable","18":"product-type-simple"},"jetpack_publicize_connections":[],"jetpack_sharing_enabled":true,"jetpack_likes_enabled":true,"_links":{"self":[{"href":"https:\/\/www.servisteelltda.cl\/index.php?rest_route=\/wp\/v2\/product\/2097","targetHints":{"allow":["GET"]}}],"collection":[{"href":"https:\/\/www.servisteelltda.cl\/index.php?rest_route=\/wp\/v2\/product"}],"about":[{"href":"https:\/\/www.servisteelltda.cl\/index.php?rest_route=\/wp\/v2\/types\/product"}],"replies":[{"embeddable":true,"href":"https:\/\/www.servisteelltda.cl\/index.php?rest_route=%2Fwp%2Fv2%2Fcomments&post=2097"}],"version-history":[{"count":1,"href":"https:\/\/www.servisteelltda.cl\/index.php?rest_route=\/wp\/v2\/product\/2097\/revisions"}],"predecessor-version":[{"id":2099,"href":"https:\/\/www.servisteelltda.cl\/index.php?rest_route=\/wp\/v2\/product\/2097\/revisions\/2099"}],"wp:featuredmedia":[{"embeddable":true,"href":"https:\/\/www.servisteelltda.cl\/index.php?rest_route=\/wp\/v2\/media\/2098"}],"wp:attachment":[{"href":"https:\/\/www.servisteelltda.cl\/index.php?rest_route=%2Fwp%2Fv2%2Fmedia&parent=2097"}],"wp:term":[{"taxonomy":"product_cat","embeddable":true,"href":"https:\/\/www.servisteelltda.cl\/index.php?rest_route=%2Fwp%2Fv2%2Fproduct_cat&post=2097"},{"taxonomy":"product_tag","embeddable":true,"href":"https:\/\/www.servisteelltda.cl\/index.php?rest_route=%2Fwp%2Fv2%2Fproduct_tag&post=2097"}],"curies":[{"name":"wp","href":"https:\/\/api.w.org\/{rel}","templated":true}]}}