{"id":65,"date":"2024-11-23T14:44:19","date_gmt":"2024-11-23T17:44:19","guid":{"rendered":"https:\/\/ss.linkinmedia.cl\/?page_id=65"},"modified":"2024-12-02T17:18:51","modified_gmt":"2024-12-02T20:18:51","slug":"reembolso_devoluciones","status":"publish","type":"page","link":"https:\/\/www.servisteelltda.cl\/?page_id=65","title":{"rendered":"Pol\u00edtica de devoluciones y reembolsos"},"content":{"rendered":"<p><strong><u>Pol\u00edtica de Devoluci\u00f3n de Servicesteel<\/u><\/strong><\/p><p class=\"has-small-font-size\">En Servicesteel, nos preocupamos por la satisfacci\u00f3n de nuestros clientes. Por ello, hemos establecido una pol\u00edtica de devoluciones que garantiza su tranquilidad al momento de realizar sus compras.<\/p><p class=\"has-small-font-size\">Plazo de Devoluci\u00f3n:<br>Los clientes tienen un plazo de 48 horas h\u00e1biles, a partir de la recepci\u00f3n del producto, para solicitar un cambio o devoluci\u00f3n.<\/p><p class=\"has-small-font-size\">Condiciones para la Devoluci\u00f3n:<br>Para que la devoluci\u00f3n sea aceptada, es imprescindible presentar la boleta o factura de compra en el momento de la solicitud. El producto debe encontrarse en condiciones adecuadas, sin signos de uso y en su embalaje original, si es aplicable.<\/p><p class=\"has-small-font-size\">Proceso de Devoluci\u00f3n:<\/p><ol class=\"wp-block-list\"><li class=\"has-small-font-size\">Notificaci\u00f3n:&nbsp;Comun\u00edquese con nuestro servicio al cliente dentro del plazo establecido para informar sobre la devoluci\u00f3n o el cambio.<\/li>\n\n<li class=\"has-small-font-size\">Verificaci\u00f3n:&nbsp;Uno de nuestros representantes revisar\u00e1 las condiciones del producto y la documentaci\u00f3n presentada.<\/li>\n\n<li class=\"has-small-font-size\">Cambio o Reembolsos:&nbsp;Dependiendo de la situaci\u00f3n, procederemos a realizar el cambio del producto por uno nuevo o, si as\u00ed lo prefiere, gestionaremos el reembolso correspondiente.<\/li><\/ol><p class=\"has-small-font-size\">Recuerde que nuestro objetivo en Servicesteel es ofrecerle un excelente servicio y productos de calidad. Si tiene alguna duda sobre el proceso de devoluci\u00f3n, no dude en contactarnos; estaremos encantados de ayudarle.<\/p><p><\/p><p><\/p><figure class=\"wp-block-image size-full is-resized\"><img fetchpriority=\"high\" decoding=\"async\" width=\"512\" height=\"512\" src=\"https:\/\/ss.linkinmedia.cl\/wp-content\/uploads\/2024\/10\/cropped-SEVI-LOGO-OK-FINAL-1.png\" alt=\"\" class=\"wp-image-19\" style=\"width:129px;height:auto\" srcset=\"https:\/\/www.servisteelltda.cl\/wp-content\/uploads\/2024\/10\/cropped-SEVI-LOGO-OK-FINAL-1.png 512w, https:\/\/www.servisteelltda.cl\/wp-content\/uploads\/2024\/10\/cropped-SEVI-LOGO-OK-FINAL-1-300x300.png 300w, https:\/\/www.servisteelltda.cl\/wp-content\/uploads\/2024\/10\/cropped-SEVI-LOGO-OK-FINAL-1-150x150.png 150w, https:\/\/www.servisteelltda.cl\/wp-content\/uploads\/2024\/10\/cropped-SEVI-LOGO-OK-FINAL-1-270x270.png 270w, https:\/\/www.servisteelltda.cl\/wp-content\/uploads\/2024\/10\/cropped-SEVI-LOGO-OK-FINAL-1-192x192.png 192w, https:\/\/www.servisteelltda.cl\/wp-content\/uploads\/2024\/10\/cropped-SEVI-LOGO-OK-FINAL-1-180x180.png 180w, https:\/\/www.servisteelltda.cl\/wp-content\/uploads\/2024\/10\/cropped-SEVI-LOGO-OK-FINAL-1-32x32.png 32w, https:\/\/www.servisteelltda.cl\/wp-content\/uploads\/2024\/10\/elementor\/thumbs\/cropped-SEVI-LOGO-OK-FINAL-1-qxzmeanw22q8505zom6elufapetx88teqnzr61s2js.png 100w, https:\/\/www.servisteelltda.cl\/wp-content\/uploads\/2024\/10\/elementor\/thumbs\/cropped-SEVI-LOGO-OK-FINAL-1-qvwqsn0vh6dnnw50h5h9258jdpjhhz7abithlv9n3w.png 70w, https:\/\/www.servisteelltda.cl\/wp-content\/uploads\/2024\/10\/elementor\/thumbs\/cropped-SEVI-LOGO-OK-FINAL-1-qvwqsn0w33rvo9e4fdaregf0pbfjjij235kgawdeii.png 120w, https:\/\/www.servisteelltda.cl\/wp-content\/uploads\/2024\/10\/elementor\/thumbs\/cropped-SEVI-LOGO-OK-FINAL-1-qvwqsn0v8emdcai9ldb0mxgv68p5rmk555wgdl673o.png 50w, https:\/\/www.servisteelltda.cl\/wp-content\/uploads\/2024\/10\/elementor\/thumbs\/cropped-SEVI-LOGO-OK-FINAL-1-qvwqsn0vjdbh8sjp73it5y6gfkr2fkd2m41qwxsi3y.png 75w\" sizes=\"(max-width: 512px) 100vw, 512px\" \/><\/figure><p>Servicesteel LTDA.<\/p><p><\/p>","protected":false},"excerpt":{"rendered":"<p>Pol\u00edtica de Devoluci\u00f3n de Servicesteel En Servicesteel, nos preocupamos por la satisfacci\u00f3n de nuestros clientes. Por ello, hemos establecido una [&hellip;]<\/p>\n","protected":false},"author":1,"featured_media":0,"parent":0,"menu_order":0,"comment_status":"closed","ping_status":"closed","template":"","meta":{"site-sidebar-layout":"default","site-content-layout":"","ast-site-content-layout":"","site-content-style":"default","site-sidebar-style":"default","ast-global-header-display":"","ast-banner-title-visibility":"","ast-main-header-display":"","ast-hfb-above-header-display":"","ast-hfb-below-header-display":"","ast-hfb-mobile-header-display":"","site-post-title":"","ast-breadcrumbs-content":"","ast-featured-img":"","footer-sml-layout":"","theme-transparent-header-meta":"","adv-header-id-meta":"","stick-header-meta":"","header-above-stick-meta":"","header-main-stick-meta":"","header-below-stick-meta":"","astra-migrate-meta-layouts":"default","ast-page-background-enabled":"default","ast-page-background-meta":{"desktop":{"background-color":"var(--ast-global-color-4)","background-image":"","background-repeat":"repeat","background-position":"center center","background-size":"auto","background-attachment":"scroll","background-type":"","background-media":"","overlay-type":"","overlay-color":"","overlay-opacity":"","overlay-gradient":""},"tablet":{"background-color":"","background-image":"","background-repeat":"repeat","background-position":"center center","background-size":"auto","background-attachment":"scroll","background-type":"","background-media":"","overlay-type":"","overlay-color":"","overlay-opacity":"","overlay-gradient":""},"mobile":{"background-color":"","background-image":"","background-repeat":"repeat","background-position":"center center","background-size":"auto","background-attachment":"scroll","background-type":"","background-media":"","overlay-type":"","overlay-color":"","overlay-opacity":"","overlay-gradient":""}},"ast-content-background-meta":{"desktop":{"background-color":"var(--ast-global-color-5)","background-image":"","background-repeat":"repeat","background-position":"center center","background-size":"auto","background-attachment":"scroll","background-type":"","background-media":"","overlay-type":"","overlay-color":"","overlay-opacity":"","overlay-gradient":""},"tablet":{"background-color":"var(--ast-global-color-5)","background-image":"","background-repeat":"repeat","background-position":"center center","background-size":"auto","background-attachment":"scroll","background-type":"","background-media":"","overlay-type":"","overlay-color":"","overlay-opacity":"","overlay-gradient":""},"mobile":{"background-color":"var(--ast-global-color-5)","background-image":"","background-repeat":"repeat","background-position":"center center","background-size":"auto","background-attachment":"scroll","background-type":"","background-media":"","overlay-type":"","overlay-color":"","overlay-opacity":"","overlay-gradient":""}},"advanced_seo_description":"","jetpack_seo_html_title":"","jetpack_seo_noindex":false,"footnotes":""},"class_list":["post-65","page","type-page","status-publish","hentry"],"jetpack_sharing_enabled":true,"jetpack_likes_enabled":true,"_links":{"self":[{"href":"https:\/\/www.servisteelltda.cl\/index.php?rest_route=\/wp\/v2\/pages\/65","targetHints":{"allow":["GET"]}}],"collection":[{"href":"https:\/\/www.servisteelltda.cl\/index.php?rest_route=\/wp\/v2\/pages"}],"about":[{"href":"https:\/\/www.servisteelltda.cl\/index.php?rest_route=\/wp\/v2\/types\/page"}],"author":[{"embeddable":true,"href":"https:\/\/www.servisteelltda.cl\/index.php?rest_route=\/wp\/v2\/users\/1"}],"replies":[{"embeddable":true,"href":"https:\/\/www.servisteelltda.cl\/index.php?rest_route=%2Fwp%2Fv2%2Fcomments&post=65"}],"version-history":[{"count":8,"href":"https:\/\/www.servisteelltda.cl\/index.php?rest_route=\/wp\/v2\/pages\/65\/revisions"}],"predecessor-version":[{"id":1827,"href":"https:\/\/www.servisteelltda.cl\/index.php?rest_route=\/wp\/v2\/pages\/65\/revisions\/1827"}],"wp:attachment":[{"href":"https:\/\/www.servisteelltda.cl\/index.php?rest_route=%2Fwp%2Fv2%2Fmedia&parent=65"}],"curies":[{"name":"wp","href":"https:\/\/api.w.org\/{rel}","templated":true}]}}